{"id":181,"date":"2024-12-09T13:19:51","date_gmt":"2024-12-09T12:19:51","guid":{"rendered":"https:\/\/www.apartmany-hvezdaren.sk\/?page_id=181"},"modified":"2025-01-10T14:27:50","modified_gmt":"2025-01-10T13:27:50","slug":"lokalita","status":"publish","type":"page","link":"https:\/\/www.apartmany-hvezdaren.sk\/index.php\/lokalita\/","title":{"rendered":"Lokalita"},"content":{"rendered":"\t\t<div data-elementor-type=\"wp-page\" data-elementor-id=\"181\" class=\"elementor elementor-181\" data-elementor-post-type=\"page\">\n\t\t\t\t<div class=\"elementor-element elementor-element-713d2550 e-flex e-con-boxed e-con e-parent\" data-id=\"713d2550\" data-element_type=\"container\" data-e-type=\"container\" data-settings=\"{&quot;background_background&quot;:&quot;classic&quot;}\">\n\t\t\t\t\t<div class=\"e-con-inner\">\n\t\t\t\t\t<\/div>\n\t\t\t\t<\/div>\n\t\t<div class=\"elementor-element elementor-element-8de035b e-con-full e-flex e-con e-parent\" data-id=\"8de035b\" data-element_type=\"container\" data-e-type=\"container\" data-settings=\"{&quot;background_background&quot;:&quot;classic&quot;}\">\n\t\t<div class=\"elementor-element elementor-element-2bcd4f7 e-con-full e-flex e-con e-child\" data-id=\"2bcd4f7\" data-element_type=\"container\" data-e-type=\"container\">\n\t\t\t\t<div class=\"elementor-element elementor-element-27e3fdf8 elementor-widget elementor-widget-heading\" data-id=\"27e3fdf8\" data-element_type=\"widget\" data-e-type=\"widget\" data-widget_type=\"heading.default\">\n\t\t\t\t<div class=\"elementor-widget-container\">\n\t\t\t\t\t<h3 class=\"elementor-heading-title elementor-size-default\">Spi\u0161sk\u00e1 Nov\u00e1 Ves - br\u00e1na do Slovensk\u00e9ho raja<\/h3>\t\t\t\t<\/div>\n\t\t\t\t<\/div>\n\t\t\t\t<div class=\"elementor-element elementor-element-7716930e elementor-widget elementor-widget-text-editor\" data-id=\"7716930e\" data-element_type=\"widget\" data-e-type=\"widget\" data-widget_type=\"text-editor.default\">\n\t\t\t\t<div class=\"elementor-widget-container\">\n\t\t\t\t\t\t\t\t\t<p>Spi\u0161sk\u00e1 Nov\u00e1 Ves, srdce Spi\u0161a a br\u00e1na do n\u00e1dhern\u00e9ho Slovensk\u00e9ho raja, v\u00e1s o\u010dar\u00ed jedine\u010dnou kombin\u00e1ciou hist\u00f3rie, kult\u00fary a pr\u00edrody. Mesto sa p\u00fd\u0161i najdlh\u0161\u00edm \u0161o\u0161ovkovit\u00fdm n\u00e1mest\u00edm v Eur\u00f3pe, kde n\u00e1jdete mno\u017estvo historick\u00fdch budov, kaviarn\u00ed a re\u0161taur\u00e1ci\u00ed, ktor\u00e9 d\u00fdchaj\u00fa trad\u00edciami.<\/p><p>Dominantou mesta je gotick\u00fd kostol Nanebovzatia Panny M\u00e1rie s najvy\u0161\u0161ou kostolnou ve\u017eou na Slovensku \u2013 ide\u00e1lnym miestom na panoramatick\u00fd v\u00fdh\u013ead na cel\u00e9 okolie. Okrem toho je Spi\u0161sk\u00e1 Nov\u00e1 Ves vstupnou br\u00e1nou do Slovensk\u00e9ho raja, kde v\u00e1s \u010dakaj\u00fa nezabudnute\u013en\u00e9 ties\u0148avy, vodop\u00e1dy a turistick\u00e9 trasy.<\/p><p>Spi\u0161sk\u00e1 Nov\u00e1 Ves je miesto, kde sa hist\u00f3ria stret\u00e1va s pr\u00edrodou a kde si ka\u017ed\u00fd n\u00e1jde k\u00fasok svojho raja.<\/p>\t\t\t\t\t\t\t\t<\/div>\n\t\t\t\t<\/div>\n\t\t\t\t<\/div>\n\t\t<div class=\"elementor-element elementor-element-3a99b046 e-con-full e-flex e-con e-child\" data-id=\"3a99b046\" data-element_type=\"container\" data-e-type=\"container\">\n\t\t\t\t<div class=\"elementor-element elementor-element-5cc102f3 elementor-widget elementor-widget-image\" data-id=\"5cc102f3\" data-element_type=\"widget\" data-e-type=\"widget\" data-widget_type=\"image.default\">\n\t\t\t\t<div class=\"elementor-widget-container\">\n\t\t\t\t\t\t\t\t\t\t\t\t\t\t\t<img fetchpriority=\"high\" decoding=\"async\" width=\"800\" height=\"534\" src=\"https:\/\/www.apartmany-hvezdaren.sk\/wp-content\/uploads\/2025\/01\/provincny-dom-muzeum-spisska-nova-ves-4773.jpg\" class=\"attachment-large size-large wp-image-636\" alt=\"\" srcset=\"https:\/\/www.apartmany-hvezdaren.sk\/wp-content\/uploads\/2025\/01\/provincny-dom-muzeum-spisska-nova-ves-4773.jpg 950w, https:\/\/www.apartmany-hvezdaren.sk\/wp-content\/uploads\/2025\/01\/provincny-dom-muzeum-spisska-nova-ves-4773-300x200.jpg 300w, https:\/\/www.apartmany-hvezdaren.sk\/wp-content\/uploads\/2025\/01\/provincny-dom-muzeum-spisska-nova-ves-4773-768x513.jpg 768w\" sizes=\"(max-width: 800px) 100vw, 800px\" \/>\t\t\t\t\t\t\t\t\t\t\t\t\t\t\t<\/div>\n\t\t\t\t<\/div>\n\t\t\t\t<\/div>\n\t\t\t\t<\/div>\n\t\t<div class=\"elementor-element elementor-element-428cb650 e-con-full e-flex e-con e-parent\" data-id=\"428cb650\" data-element_type=\"container\" data-e-type=\"container\" data-settings=\"{&quot;background_background&quot;:&quot;classic&quot;}\">\n\t\t<div class=\"elementor-element elementor-element-1c683852 e-con-full e-flex e-con e-child\" data-id=\"1c683852\" data-element_type=\"container\" data-e-type=\"container\">\n\t\t\t\t<div class=\"elementor-element elementor-element-32412f8d elementor-widget elementor-widget-heading\" data-id=\"32412f8d\" data-element_type=\"widget\" data-e-type=\"widget\" data-widget_type=\"heading.default\">\n\t\t\t\t<div class=\"elementor-widget-container\">\n\t\t\t\t\t<h3 class=\"elementor-heading-title elementor-size-default\">Tatry \u2013 klenot Slovenska<\/h3>\t\t\t\t<\/div>\n\t\t\t\t<\/div>\n\t\t\t\t<div class=\"elementor-element elementor-element-41d06be9 elementor-widget elementor-widget-text-editor\" data-id=\"41d06be9\" data-element_type=\"widget\" data-e-type=\"widget\" data-widget_type=\"text-editor.default\">\n\t\t\t\t<div class=\"elementor-widget-container\">\n\t\t\t\t\t\t\t\t\t<p>Tatry, majest\u00e1tne hory na severnom horizonte Slovenska, s\u00fa skuto\u010dn\u00fdm pokladom pr\u00edrody. Ich ostr\u00e9 \u0161t\u00edty sa t\u00fd\u010dia k nebu, obklopen\u00e9 hlbok\u00fdmi dolinami, kri\u0161t\u00e1\u013eov\u00fdmi plesami a tich\u00fdmi lesmi. Tieto hory pon\u00fakaj\u00fa \u00fato\u010disko pre dobrodruhov, milovn\u00edkov pr\u00edrody aj t\u00fdch, ktor\u00ed t\u00fa\u017eia po pokoji.<\/p><p>Ka\u017ed\u00e9 ro\u010dn\u00e9 obdobie prin\u00e1\u0161a do Tatier jedine\u010dn\u00fa atmosf\u00e9ru \u2013 od zasne\u017een\u00fdch svahov ide\u00e1lnych na ly\u017eovanie, po rozkvitnut\u00e9 l\u00faky a vo\u0148av\u00fd les v lete. Tatry nie s\u00fa len pr\u00edrodn\u00fdm divom, ale aj miestom pln\u00fdm legend, hist\u00f3rie a hrdosti. Sta\u010d\u00ed jeden poh\u013ead a pochop\u00edte, pre\u010do ich vol\u00e1me na\u0161e &#8222;ve\u013ehory&#8220;.<\/p>\t\t\t\t\t\t\t\t<\/div>\n\t\t\t\t<\/div>\n\t\t\t\t<\/div>\n\t\t<div class=\"elementor-element elementor-element-185f5ec7 e-con-full e-flex e-con e-child\" data-id=\"185f5ec7\" data-element_type=\"container\" data-e-type=\"container\">\n\t\t\t\t<div class=\"elementor-element elementor-element-4be754d6 elementor-widget elementor-widget-image\" data-id=\"4be754d6\" data-element_type=\"widget\" data-e-type=\"widget\" data-widget_type=\"image.default\">\n\t\t\t\t<div class=\"elementor-widget-container\">\n\t\t\t\t\t\t\t\t\t\t\t\t\t\t\t<img decoding=\"async\" width=\"800\" height=\"531\" src=\"https:\/\/www.apartmany-hvezdaren.sk\/wp-content\/uploads\/2025\/01\/spisska-nova-ves-8787.jpg\" class=\"attachment-large size-large wp-image-616\" alt=\"\" srcset=\"https:\/\/www.apartmany-hvezdaren.sk\/wp-content\/uploads\/2025\/01\/spisska-nova-ves-8787.jpg 950w, https:\/\/www.apartmany-hvezdaren.sk\/wp-content\/uploads\/2025\/01\/spisska-nova-ves-8787-300x199.jpg 300w, https:\/\/www.apartmany-hvezdaren.sk\/wp-content\/uploads\/2025\/01\/spisska-nova-ves-8787-768x510.jpg 768w\" sizes=\"(max-width: 800px) 100vw, 800px\" \/>\t\t\t\t\t\t\t\t\t\t\t\t\t\t\t<\/div>\n\t\t\t\t<\/div>\n\t\t\t\t<\/div>\n\t\t\t\t<\/div>\n\t\t<div class=\"elementor-element elementor-element-41f2653d e-con-full e-flex e-con e-parent\" data-id=\"41f2653d\" data-element_type=\"container\" data-e-type=\"container\" data-settings=\"{&quot;background_background&quot;:&quot;classic&quot;}\">\n\t\t<div class=\"elementor-element elementor-element-3e924834 e-con-full e-flex e-con e-child\" data-id=\"3e924834\" data-element_type=\"container\" data-e-type=\"container\">\n\t\t\t\t<div class=\"elementor-element elementor-element-68c385ca elementor-widget elementor-widget-heading\" data-id=\"68c385ca\" data-element_type=\"widget\" data-e-type=\"widget\" data-widget_type=\"heading.default\">\n\t\t\t\t<div class=\"elementor-widget-container\">\n\t\t\t\t\t<h3 class=\"elementor-heading-title elementor-size-default\">Slovensk\u00fd raj<\/h3>\t\t\t\t<\/div>\n\t\t\t\t<\/div>\n\t\t\t\t<div class=\"elementor-element elementor-element-612a43c8 elementor-widget elementor-widget-text-editor\" data-id=\"612a43c8\" data-element_type=\"widget\" data-e-type=\"widget\" data-widget_type=\"text-editor.default\">\n\t\t\t\t<div class=\"elementor-widget-container\">\n\t\t\t\t\t\t\t\t\t<p>Slovensk\u00fd raj, jeden z najkraj\u0161\u00edch n\u00e1rodn\u00fdch parkov na Slovensku, je miestom, kde pr\u00edroda ukazuje svoju divok\u00fa kr\u00e1su. Tento raj pre milovn\u00edkov outdoorov\u00fdch aktiv\u00edt pon\u00faka fascinuj\u00face ties\u0148avy, dlh\u00e9 lanov\u00e9 chodn\u00edky, rebr\u00edky a vodop\u00e1dy, ktor\u00e9 tvoria unik\u00e1tnu krajinu, ak\u00fa nen\u00e1jdete nikde inde.<\/p><p>Rovnov\u00e1ha medzi divok\u00fdmi roklinami, pokojn\u00fdmi lesmi a jasn\u00fdmi potokmi l\u00e1ka n\u00e1v\u0161tevn\u00edkov na v\u00fdlety, ktor\u00e9 s\u00fa pln\u00e9 adrenal\u00ednu i pokoja. Hlavn\u00e9 turistick\u00e9 trasy, ako je t\u00fara na Tom\u00e1\u0161ovsk\u00fd v\u00fdh\u013ead, ved\u00fa cez n\u00e1dhern\u00e9 lokality, ktor\u00e9 v\u00e1m umo\u017enia obdivova\u0165 nielen kr\u00e1su pr\u00edrody, ale aj \u00fachvatn\u00e9 panor\u00e1my cel\u00e9ho regi\u00f3nu.<\/p><p>Slovensk\u00fd raj je skuto\u010dn\u00fdm rajom pre turistov, cyklistov a v\u0161etk\u00fdch, ktor\u00ed h\u013eadaj\u00fa pr\u00edrodn\u00e9 kr\u00e1sy a dobrodru\u017estv\u00e1 v srdci Slovenska.<\/p>\t\t\t\t\t\t\t\t<\/div>\n\t\t\t\t<\/div>\n\t\t\t\t<\/div>\n\t\t<div class=\"elementor-element elementor-element-64a5fbf0 e-con-full e-flex e-con e-child\" data-id=\"64a5fbf0\" data-element_type=\"container\" data-e-type=\"container\">\n\t\t\t\t<div class=\"elementor-element elementor-element-a508e70 elementor-widget elementor-widget-image\" data-id=\"a508e70\" data-element_type=\"widget\" data-e-type=\"widget\" data-widget_type=\"image.default\">\n\t\t\t\t<div class=\"elementor-widget-container\">\n\t\t\t\t\t\t\t\t\t\t\t\t\t\t\t<img decoding=\"async\" width=\"800\" height=\"463\" src=\"https:\/\/www.apartmany-hvezdaren.sk\/wp-content\/uploads\/2025\/01\/tomasovsky-vyhlad-jesen-8757P-1024x592.jpg\" class=\"attachment-large size-large wp-image-690\" alt=\"\" srcset=\"https:\/\/www.apartmany-hvezdaren.sk\/wp-content\/uploads\/2025\/01\/tomasovsky-vyhlad-jesen-8757P-1024x592.jpg 1024w, https:\/\/www.apartmany-hvezdaren.sk\/wp-content\/uploads\/2025\/01\/tomasovsky-vyhlad-jesen-8757P-300x173.jpg 300w, https:\/\/www.apartmany-hvezdaren.sk\/wp-content\/uploads\/2025\/01\/tomasovsky-vyhlad-jesen-8757P-768x444.jpg 768w, https:\/\/www.apartmany-hvezdaren.sk\/wp-content\/uploads\/2025\/01\/tomasovsky-vyhlad-jesen-8757P.jpg 1100w\" sizes=\"(max-width: 800px) 100vw, 800px\" \/>\t\t\t\t\t\t\t\t\t\t\t\t\t\t\t<\/div>\n\t\t\t\t<\/div>\n\t\t\t\t<\/div>\n\t\t\t\t<\/div>\n\t\t\t\t<\/div>\n\t\t","protected":false},"excerpt":{"rendered":"<p>Spi\u0161sk\u00e1 Nov\u00e1 Ves &#8211; br\u00e1na do Slovensk\u00e9ho raja Spi\u0161sk\u00e1 Nov\u00e1 Ves, srdce Spi\u0161a a br\u00e1na do n\u00e1dhern\u00e9ho Slovensk\u00e9ho raja, v\u00e1s o\u010dar\u00ed jedine\u010dnou kombin\u00e1ciou hist\u00f3rie, kult\u00fary a pr\u00edrody. Mesto sa p\u00fd\u0161i najdlh\u0161\u00edm \u0161o\u0161ovkovit\u00fdm n\u00e1mest\u00edm v Eur\u00f3pe, kde n\u00e1jdete mno\u017estvo historick\u00fdch budov, kaviarn\u00ed a re\u0161taur\u00e1ci\u00ed, ktor\u00e9 d\u00fdchaj\u00fa trad\u00edciami. Dominantou mesta je gotick\u00fd kostol Nanebovzatia Panny M\u00e1rie s [&hellip;]<\/p>\n","protected":false},"author":1,"featured_media":0,"parent":0,"menu_order":0,"comment_status":"closed","ping_status":"closed","template":"","meta":{"footnotes":""},"class_list":["post-181","page","type-page","status-publish","hentry"],"_links":{"self":[{"href":"https:\/\/www.apartmany-hvezdaren.sk\/index.php\/wp-json\/wp\/v2\/pages\/181","targetHints":{"allow":["GET"]}}],"collection":[{"href":"https:\/\/www.apartmany-hvezdaren.sk\/index.php\/wp-json\/wp\/v2\/pages"}],"about":[{"href":"https:\/\/www.apartmany-hvezdaren.sk\/index.php\/wp-json\/wp\/v2\/types\/page"}],"author":[{"embeddable":true,"href":"https:\/\/www.apartmany-hvezdaren.sk\/index.php\/wp-json\/wp\/v2\/users\/1"}],"replies":[{"embeddable":true,"href":"https:\/\/www.apartmany-hvezdaren.sk\/index.php\/wp-json\/wp\/v2\/comments?post=181"}],"version-history":[{"count":40,"href":"https:\/\/www.apartmany-hvezdaren.sk\/index.php\/wp-json\/wp\/v2\/pages\/181\/revisions"}],"predecessor-version":[{"id":693,"href":"https:\/\/www.apartmany-hvezdaren.sk\/index.php\/wp-json\/wp\/v2\/pages\/181\/revisions\/693"}],"wp:attachment":[{"href":"https:\/\/www.apartmany-hvezdaren.sk\/index.php\/wp-json\/wp\/v2\/media?parent=181"}],"curies":[{"name":"wp","href":"https:\/\/api.w.org\/{rel}","templated":true}]}}