{"id":694,"date":"2025-01-10T14:39:11","date_gmt":"2025-01-10T13:39:11","guid":{"rendered":"https:\/\/www.apartmany-hvezdaren.sk\/?page_id=694"},"modified":"2025-02-24T13:39:51","modified_gmt":"2025-02-24T12:39:51","slug":"apartman-mars","status":"publish","type":"page","link":"https:\/\/www.apartmany-hvezdaren.sk\/index.php\/apartman-mars\/","title":{"rendered":"Apartm\u00e1n &#8211; MARS"},"content":{"rendered":"\t\t<div data-elementor-type=\"wp-page\" data-elementor-id=\"694\" class=\"elementor elementor-694\" data-elementor-post-type=\"page\">\n\t\t\t\t<div class=\"elementor-element elementor-element-83794bd e-con-full e-flex e-con e-parent\" data-id=\"83794bd\" data-element_type=\"container\" data-e-type=\"container\">\n\t\t<div class=\"elementor-element elementor-element-eab1803 e-con-full e-flex e-con e-child\" data-id=\"eab1803\" data-element_type=\"container\" data-e-type=\"container\" data-settings=\"{&quot;background_background&quot;:&quot;classic&quot;}\">\n\t\t\t\t<\/div>\n\t\t<div class=\"elementor-element elementor-element-1e34c8e e-con-full e-flex e-con e-child\" data-id=\"1e34c8e\" data-element_type=\"container\" data-e-type=\"container\">\n\t\t\t\t<div class=\"elementor-element elementor-element-d3d20a4 elementor-widget elementor-widget-heading\" data-id=\"d3d20a4\" data-element_type=\"widget\" data-e-type=\"widget\" data-widget_type=\"heading.default\">\n\t\t\t\t<div class=\"elementor-widget-container\">\n\t\t\t\t\t<h6 class=\"elementor-heading-title elementor-size-default\">Izby a apartm\u00e1ny<\/h6>\t\t\t\t<\/div>\n\t\t\t\t<\/div>\n\t\t<div class=\"elementor-element elementor-element-53c5af3 e-con-full e-flex e-con e-child\" data-id=\"53c5af3\" data-element_type=\"container\" data-e-type=\"container\">\n\t\t\t\t<div class=\"elementor-element elementor-element-013cb39 elementor-widget elementor-widget-heading\" data-id=\"013cb39\" data-element_type=\"widget\" data-e-type=\"widget\" data-widget_type=\"heading.default\">\n\t\t\t\t<div class=\"elementor-widget-container\">\n\t\t\t\t\t<h1 class=\"elementor-heading-title elementor-size-default\">Apartm\u00e1n - MARS\u200b <span style=\"font-size:15px\">(\u010d. 9)<\/span><\/h1>\t\t\t\t<\/div>\n\t\t\t\t<\/div>\n\t\t\t\t<div class=\"elementor-element elementor-element-357ca39 elementor-widget elementor-widget-image\" data-id=\"357ca39\" data-element_type=\"widget\" data-e-type=\"widget\" data-widget_type=\"image.default\">\n\t\t\t\t<div class=\"elementor-widget-container\">\n\t\t\t\t\t\t\t\t\t\t\t\t\t\t\t<img fetchpriority=\"high\" decoding=\"async\" width=\"800\" height=\"673\" src=\"https:\/\/www.apartmany-hvezdaren.sk\/wp-content\/uploads\/2024\/12\/Mars-1024x861.png\" class=\"attachment-large size-large wp-image-444\" alt=\"\" srcset=\"https:\/\/www.apartmany-hvezdaren.sk\/wp-content\/uploads\/2024\/12\/Mars-1024x861.png 1024w, https:\/\/www.apartmany-hvezdaren.sk\/wp-content\/uploads\/2024\/12\/Mars-300x252.png 300w, https:\/\/www.apartmany-hvezdaren.sk\/wp-content\/uploads\/2024\/12\/Mars-768x645.png 768w, https:\/\/www.apartmany-hvezdaren.sk\/wp-content\/uploads\/2024\/12\/Mars-1536x1291.png 1536w, https:\/\/www.apartmany-hvezdaren.sk\/wp-content\/uploads\/2024\/12\/Mars-2048x1721.png 2048w\" sizes=\"(max-width: 800px) 100vw, 800px\" \/>\t\t\t\t\t\t\t\t\t\t\t\t\t\t\t<\/div>\n\t\t\t\t<\/div>\n\t\t\t\t<\/div>\n\t\t\t\t<div class=\"elementor-element elementor-element-2fb081f elementor-invisible elementor-widget elementor-widget-text-editor\" data-id=\"2fb081f\" data-element_type=\"widget\" data-e-type=\"widget\" data-settings=\"{&quot;_animation&quot;:&quot;fadeIn&quot;,&quot;_animation_delay&quot;:400}\" data-widget_type=\"text-editor.default\">\n\t\t\t\t<div class=\"elementor-widget-container\">\n\t\t\t\t\t\t\t\t\t<ul>\n<li>Pohodln\u00fd dvojizbov\u00fd apartm\u00e1n vhodn\u00fd pre p\u00e1ry i rodiny s de\u0165mi. V samostatnej sp\u00e1lni sa nach\u00e1dza man\u017eelsk\u00e1 poste\u013e a v predizbe rozkladac\u00ed gau\u010d vhodn\u00fd pre 1-2 osoby.<\/li>\n<li>Apartm\u00e1n je vybaven\u00fd nov\u00fdm n\u00e1bytkom, telev\u00edzorom so z\u00e1kladnou ponukou programov pre relax a vstavan\u00e1 skri\u0148a v chodbe poskytuje ve\u013ekorys\u00fd odkladac\u00ed priestor.<\/li>\n<li>Okrem toho sa tu nach\u00e1dza aj mini kuchynsk\u00fd k\u00fatik s men\u0161ou chladni\u010dkou, dvojplatni\u010dkou, kuchynsk\u00fdm drezom, r\u00fdchlovarnou kanvicou a z\u00e1kladn\u00fdm kuchynsk\u00fdm vybaven\u00edm.<\/li>\n<li>Apartm\u00e1n m\u00e1 samostatn\u00fa priestrann\u00fa k\u00fape\u013e\u0148u so sprchovac\u00edm k\u00fatom a z\u00e1kladn\u00fdmi toaletn\u00fdmi potrebami.<\/li>\n<li>Tak ako v\u0161etky izby, k dispoz\u00edcii je wi-fi pripojenie.<\/li>\n<\/ul>\t\t\t\t\t\t\t\t<\/div>\n\t\t\t\t<\/div>\n\t\t\t\t<\/div>\n\t\t\t\t<\/div>\n\t\t<div class=\"elementor-element elementor-element-b83b46a e-con-full e-flex e-con e-parent\" data-id=\"b83b46a\" data-element_type=\"container\" data-e-type=\"container\">\n\t\t<div class=\"elementor-element elementor-element-ed20fe4 e-con-full e-flex e-con e-child\" data-id=\"ed20fe4\" data-element_type=\"container\" data-e-type=\"container\" data-settings=\"{&quot;background_background&quot;:&quot;classic&quot;}\">\n\t\t\t\t<div class=\"elementor-element elementor-element-6a8cdb8 elementor-widget elementor-widget-gallery\" data-id=\"6a8cdb8\" data-element_type=\"widget\" data-e-type=\"widget\" data-settings=\"{&quot;gap&quot;:{&quot;unit&quot;:&quot;px&quot;,&quot;size&quot;:0,&quot;sizes&quot;:[]},&quot;lazyload&quot;:&quot;yes&quot;,&quot;gallery_layout&quot;:&quot;grid&quot;,&quot;columns&quot;:4,&quot;columns_tablet&quot;:2,&quot;columns_mobile&quot;:1,&quot;gap_tablet&quot;:{&quot;unit&quot;:&quot;px&quot;,&quot;size&quot;:10,&quot;sizes&quot;:[]},&quot;gap_mobile&quot;:{&quot;unit&quot;:&quot;px&quot;,&quot;size&quot;:10,&quot;sizes&quot;:[]},&quot;link_to&quot;:&quot;file&quot;,&quot;aspect_ratio&quot;:&quot;3:2&quot;,&quot;overlay_background&quot;:&quot;yes&quot;,&quot;content_hover_animation&quot;:&quot;fade-in&quot;}\" data-widget_type=\"gallery.default\">\n\t\t\t\t<div class=\"elementor-widget-container\">\n\t\t\t\t\t\t\t<div class=\"elementor-gallery__container\">\n\t\t\t\t\t\t\t<a class=\"e-gallery-item elementor-gallery-item elementor-animated-content\" href=\"https:\/\/www.apartmany-hvezdaren.sk\/wp-content\/uploads\/2024\/12\/IMG_6337-1-scaled.jpg\" data-elementor-open-lightbox=\"yes\" data-elementor-lightbox-slideshow=\"6a8cdb8\" data-elementor-lightbox-title=\"IMG_6337\" data-e-action-hash=\"#elementor-action%3Aaction%3Dlightbox%26settings%3DeyJpZCI6MjU4LCJ1cmwiOiJodHRwczpcL1wvd3d3LmFwYXJ0bWFueS1odmV6ZGFyZW4uc2tcL3dwLWNvbnRlbnRcL3VwbG9hZHNcLzIwMjRcLzEyXC9JTUdfNjMzNy0xLXNjYWxlZC5qcGciLCJzbGlkZXNob3ciOiI2YThjZGI4In0%3D\">\n\t\t\t\t\t<div class=\"e-gallery-image elementor-gallery-item__image\" data-thumbnail=\"https:\/\/www.apartmany-hvezdaren.sk\/wp-content\/uploads\/2024\/12\/IMG_6337-1-300x200.jpg\" data-width=\"300\" data-height=\"200\" aria-label=\"\" role=\"img\" ><\/div>\n\t\t\t\t\t\t\t\t\t\t\t<div class=\"elementor-gallery-item__overlay\"><\/div>\n\t\t\t\t\t\t\t\t\t\t\t\t\t\t<\/a>\n\t\t\t\t\t\t\t<a class=\"e-gallery-item elementor-gallery-item elementor-animated-content\" href=\"https:\/\/www.apartmany-hvezdaren.sk\/wp-content\/uploads\/2024\/12\/IMG_6319-1-scaled.jpg\" data-elementor-open-lightbox=\"yes\" data-elementor-lightbox-slideshow=\"6a8cdb8\" data-elementor-lightbox-title=\"IMG_6319\" data-e-action-hash=\"#elementor-action%3Aaction%3Dlightbox%26settings%3DeyJpZCI6MjQ5LCJ1cmwiOiJodHRwczpcL1wvd3d3LmFwYXJ0bWFueS1odmV6ZGFyZW4uc2tcL3dwLWNvbnRlbnRcL3VwbG9hZHNcLzIwMjRcLzEyXC9JTUdfNjMxOS0xLXNjYWxlZC5qcGciLCJzbGlkZXNob3ciOiI2YThjZGI4In0%3D\">\n\t\t\t\t\t<div class=\"e-gallery-image elementor-gallery-item__image\" data-thumbnail=\"https:\/\/www.apartmany-hvezdaren.sk\/wp-content\/uploads\/2024\/12\/IMG_6319-1-300x200.jpg\" data-width=\"300\" data-height=\"200\" aria-label=\"\" role=\"img\" ><\/div>\n\t\t\t\t\t\t\t\t\t\t\t<div class=\"elementor-gallery-item__overlay\"><\/div>\n\t\t\t\t\t\t\t\t\t\t\t\t\t\t<\/a>\n\t\t\t\t\t\t\t<a class=\"e-gallery-item elementor-gallery-item elementor-animated-content\" href=\"https:\/\/www.apartmany-hvezdaren.sk\/wp-content\/uploads\/2024\/12\/IMG_6322-scaled.jpg\" data-elementor-open-lightbox=\"yes\" data-elementor-lightbox-slideshow=\"6a8cdb8\" data-elementor-lightbox-title=\"IMG_6322\" data-e-action-hash=\"#elementor-action%3Aaction%3Dlightbox%26settings%3DeyJpZCI6MjUxLCJ1cmwiOiJodHRwczpcL1wvd3d3LmFwYXJ0bWFueS1odmV6ZGFyZW4uc2tcL3dwLWNvbnRlbnRcL3VwbG9hZHNcLzIwMjRcLzEyXC9JTUdfNjMyMi1zY2FsZWQuanBnIiwic2xpZGVzaG93IjoiNmE4Y2RiOCJ9\">\n\t\t\t\t\t<div class=\"e-gallery-image elementor-gallery-item__image\" data-thumbnail=\"https:\/\/www.apartmany-hvezdaren.sk\/wp-content\/uploads\/2024\/12\/IMG_6322-300x200.jpg\" data-width=\"300\" data-height=\"200\" aria-label=\"\" role=\"img\" ><\/div>\n\t\t\t\t\t\t\t\t\t\t\t<div class=\"elementor-gallery-item__overlay\"><\/div>\n\t\t\t\t\t\t\t\t\t\t\t\t\t\t<\/a>\n\t\t\t\t\t\t\t<a class=\"e-gallery-item elementor-gallery-item elementor-animated-content\" href=\"https:\/\/www.apartmany-hvezdaren.sk\/wp-content\/uploads\/2024\/12\/IMG_6321-scaled.jpg\" data-elementor-open-lightbox=\"yes\" data-elementor-lightbox-slideshow=\"6a8cdb8\" data-elementor-lightbox-title=\"IMG_6321\" data-e-action-hash=\"#elementor-action%3Aaction%3Dlightbox%26settings%3DeyJpZCI6MjUwLCJ1cmwiOiJodHRwczpcL1wvd3d3LmFwYXJ0bWFueS1odmV6ZGFyZW4uc2tcL3dwLWNvbnRlbnRcL3VwbG9hZHNcLzIwMjRcLzEyXC9JTUdfNjMyMS1zY2FsZWQuanBnIiwic2xpZGVzaG93IjoiNmE4Y2RiOCJ9\">\n\t\t\t\t\t<div class=\"e-gallery-image elementor-gallery-item__image\" data-thumbnail=\"https:\/\/www.apartmany-hvezdaren.sk\/wp-content\/uploads\/2024\/12\/IMG_6321-300x200.jpg\" data-width=\"300\" data-height=\"200\" aria-label=\"\" role=\"img\" ><\/div>\n\t\t\t\t\t\t\t\t\t\t\t<div class=\"elementor-gallery-item__overlay\"><\/div>\n\t\t\t\t\t\t\t\t\t\t\t\t\t\t<\/a>\n\t\t\t\t\t\t\t<a class=\"e-gallery-item elementor-gallery-item elementor-animated-content\" href=\"https:\/\/www.apartmany-hvezdaren.sk\/wp-content\/uploads\/2024\/12\/IMG_6340-scaled.jpg\" data-elementor-open-lightbox=\"yes\" data-elementor-lightbox-slideshow=\"6a8cdb8\" data-elementor-lightbox-title=\"IMG_6340\" data-e-action-hash=\"#elementor-action%3Aaction%3Dlightbox%26settings%3DeyJpZCI6MjU5LCJ1cmwiOiJodHRwczpcL1wvd3d3LmFwYXJ0bWFueS1odmV6ZGFyZW4uc2tcL3dwLWNvbnRlbnRcL3VwbG9hZHNcLzIwMjRcLzEyXC9JTUdfNjM0MC1zY2FsZWQuanBnIiwic2xpZGVzaG93IjoiNmE4Y2RiOCJ9\">\n\t\t\t\t\t<div class=\"e-gallery-image elementor-gallery-item__image\" data-thumbnail=\"https:\/\/www.apartmany-hvezdaren.sk\/wp-content\/uploads\/2024\/12\/IMG_6340-300x200.jpg\" data-width=\"300\" data-height=\"200\" aria-label=\"\" role=\"img\" ><\/div>\n\t\t\t\t\t\t\t\t\t\t\t<div class=\"elementor-gallery-item__overlay\"><\/div>\n\t\t\t\t\t\t\t\t\t\t\t\t\t\t<\/a>\n\t\t\t\t\t\t\t<a class=\"e-gallery-item elementor-gallery-item elementor-animated-content\" href=\"https:\/\/www.apartmany-hvezdaren.sk\/wp-content\/uploads\/2024\/12\/IMG_6341-scaled.jpg\" data-elementor-open-lightbox=\"yes\" data-elementor-lightbox-slideshow=\"6a8cdb8\" data-elementor-lightbox-title=\"IMG_6341\" data-e-action-hash=\"#elementor-action%3Aaction%3Dlightbox%26settings%3DeyJpZCI6MjYwLCJ1cmwiOiJodHRwczpcL1wvd3d3LmFwYXJ0bWFueS1odmV6ZGFyZW4uc2tcL3dwLWNvbnRlbnRcL3VwbG9hZHNcLzIwMjRcLzEyXC9JTUdfNjM0MS1zY2FsZWQuanBnIiwic2xpZGVzaG93IjoiNmE4Y2RiOCJ9\">\n\t\t\t\t\t<div class=\"e-gallery-image elementor-gallery-item__image\" data-thumbnail=\"https:\/\/www.apartmany-hvezdaren.sk\/wp-content\/uploads\/2024\/12\/IMG_6341-300x200.jpg\" data-width=\"300\" data-height=\"200\" aria-label=\"\" role=\"img\" ><\/div>\n\t\t\t\t\t\t\t\t\t\t\t<div class=\"elementor-gallery-item__overlay\"><\/div>\n\t\t\t\t\t\t\t\t\t\t\t\t\t\t<\/a>\n\t\t\t\t\t\t\t<a class=\"e-gallery-item elementor-gallery-item elementor-animated-content\" href=\"https:\/\/www.apartmany-hvezdaren.sk\/wp-content\/uploads\/2024\/12\/IMG_6317-scaled.jpg\" data-elementor-open-lightbox=\"yes\" data-elementor-lightbox-slideshow=\"6a8cdb8\" data-elementor-lightbox-title=\"IMG_6317\" data-e-action-hash=\"#elementor-action%3Aaction%3Dlightbox%26settings%3DeyJpZCI6MjQ4LCJ1cmwiOiJodHRwczpcL1wvd3d3LmFwYXJ0bWFueS1odmV6ZGFyZW4uc2tcL3dwLWNvbnRlbnRcL3VwbG9hZHNcLzIwMjRcLzEyXC9JTUdfNjMxNy1zY2FsZWQuanBnIiwic2xpZGVzaG93IjoiNmE4Y2RiOCJ9\">\n\t\t\t\t\t<div class=\"e-gallery-image elementor-gallery-item__image\" data-thumbnail=\"https:\/\/www.apartmany-hvezdaren.sk\/wp-content\/uploads\/2024\/12\/IMG_6317-300x200.jpg\" data-width=\"300\" data-height=\"200\" aria-label=\"\" role=\"img\" ><\/div>\n\t\t\t\t\t\t\t\t\t\t\t<div class=\"elementor-gallery-item__overlay\"><\/div>\n\t\t\t\t\t\t\t\t\t\t\t\t\t\t<\/a>\n\t\t\t\t\t\t\t<a class=\"e-gallery-item elementor-gallery-item elementor-animated-content\" href=\"https:\/\/www.apartmany-hvezdaren.sk\/wp-content\/uploads\/2024\/12\/IMG_6330-scaled.jpg\" data-elementor-open-lightbox=\"yes\" data-elementor-lightbox-slideshow=\"6a8cdb8\" data-elementor-lightbox-title=\"IMG_6330\" data-e-action-hash=\"#elementor-action%3Aaction%3Dlightbox%26settings%3DeyJpZCI6MjU2LCJ1cmwiOiJodHRwczpcL1wvd3d3LmFwYXJ0bWFueS1odmV6ZGFyZW4uc2tcL3dwLWNvbnRlbnRcL3VwbG9hZHNcLzIwMjRcLzEyXC9JTUdfNjMzMC1zY2FsZWQuanBnIiwic2xpZGVzaG93IjoiNmE4Y2RiOCJ9\">\n\t\t\t\t\t<div class=\"e-gallery-image elementor-gallery-item__image\" data-thumbnail=\"https:\/\/www.apartmany-hvezdaren.sk\/wp-content\/uploads\/2024\/12\/IMG_6330-300x200.jpg\" data-width=\"300\" data-height=\"200\" aria-label=\"\" role=\"img\" ><\/div>\n\t\t\t\t\t\t\t\t\t\t\t<div class=\"elementor-gallery-item__overlay\"><\/div>\n\t\t\t\t\t\t\t\t\t\t\t\t\t\t<\/a>\n\t\t\t\t\t\t\t<a class=\"e-gallery-item elementor-gallery-item elementor-animated-content\" href=\"https:\/\/www.apartmany-hvezdaren.sk\/wp-content\/uploads\/2024\/12\/IMG_6328-scaled.jpg\" data-elementor-open-lightbox=\"yes\" data-elementor-lightbox-slideshow=\"6a8cdb8\" data-elementor-lightbox-title=\"IMG_6328\" data-e-action-hash=\"#elementor-action%3Aaction%3Dlightbox%26settings%3DeyJpZCI6MjU1LCJ1cmwiOiJodHRwczpcL1wvd3d3LmFwYXJ0bWFueS1odmV6ZGFyZW4uc2tcL3dwLWNvbnRlbnRcL3VwbG9hZHNcLzIwMjRcLzEyXC9JTUdfNjMyOC1zY2FsZWQuanBnIiwic2xpZGVzaG93IjoiNmE4Y2RiOCJ9\">\n\t\t\t\t\t<div class=\"e-gallery-image elementor-gallery-item__image\" data-thumbnail=\"https:\/\/www.apartmany-hvezdaren.sk\/wp-content\/uploads\/2024\/12\/IMG_6328-300x200.jpg\" data-width=\"300\" data-height=\"200\" aria-label=\"\" role=\"img\" ><\/div>\n\t\t\t\t\t\t\t\t\t\t\t<div class=\"elementor-gallery-item__overlay\"><\/div>\n\t\t\t\t\t\t\t\t\t\t\t\t\t\t<\/a>\n\t\t\t\t\t\t\t<a class=\"e-gallery-item elementor-gallery-item elementor-animated-content\" href=\"https:\/\/www.apartmany-hvezdaren.sk\/wp-content\/uploads\/2024\/12\/IMG_6327-scaled.jpg\" data-elementor-open-lightbox=\"yes\" data-elementor-lightbox-slideshow=\"6a8cdb8\" data-elementor-lightbox-title=\"IMG_6327\" data-e-action-hash=\"#elementor-action%3Aaction%3Dlightbox%26settings%3DeyJpZCI6MjU0LCJ1cmwiOiJodHRwczpcL1wvd3d3LmFwYXJ0bWFueS1odmV6ZGFyZW4uc2tcL3dwLWNvbnRlbnRcL3VwbG9hZHNcLzIwMjRcLzEyXC9JTUdfNjMyNy1zY2FsZWQuanBnIiwic2xpZGVzaG93IjoiNmE4Y2RiOCJ9\">\n\t\t\t\t\t<div class=\"e-gallery-image elementor-gallery-item__image\" data-thumbnail=\"https:\/\/www.apartmany-hvezdaren.sk\/wp-content\/uploads\/2024\/12\/IMG_6327-300x200.jpg\" data-width=\"300\" data-height=\"200\" aria-label=\"\" role=\"img\" ><\/div>\n\t\t\t\t\t\t\t\t\t\t\t<div class=\"elementor-gallery-item__overlay\"><\/div>\n\t\t\t\t\t\t\t\t\t\t\t\t\t\t<\/a>\n\t\t\t\t\t\t\t<a class=\"e-gallery-item elementor-gallery-item elementor-animated-content\" href=\"https:\/\/www.apartmany-hvezdaren.sk\/wp-content\/uploads\/2024\/12\/IMG_6325-scaled.jpg\" data-elementor-open-lightbox=\"yes\" data-elementor-lightbox-slideshow=\"6a8cdb8\" data-elementor-lightbox-title=\"IMG_6325\" data-e-action-hash=\"#elementor-action%3Aaction%3Dlightbox%26settings%3DeyJpZCI6MjUzLCJ1cmwiOiJodHRwczpcL1wvd3d3LmFwYXJ0bWFueS1odmV6ZGFyZW4uc2tcL3dwLWNvbnRlbnRcL3VwbG9hZHNcLzIwMjRcLzEyXC9JTUdfNjMyNS1zY2FsZWQuanBnIiwic2xpZGVzaG93IjoiNmE4Y2RiOCJ9\">\n\t\t\t\t\t<div class=\"e-gallery-image elementor-gallery-item__image\" data-thumbnail=\"https:\/\/www.apartmany-hvezdaren.sk\/wp-content\/uploads\/2024\/12\/IMG_6325-300x200.jpg\" data-width=\"300\" data-height=\"200\" aria-label=\"\" role=\"img\" ><\/div>\n\t\t\t\t\t\t\t\t\t\t\t<div class=\"elementor-gallery-item__overlay\"><\/div>\n\t\t\t\t\t\t\t\t\t\t\t\t\t\t<\/a>\n\t\t\t\t\t\t\t<a class=\"e-gallery-item elementor-gallery-item elementor-animated-content\" href=\"https:\/\/www.apartmany-hvezdaren.sk\/wp-content\/uploads\/2024\/12\/IMG_6324-1-scaled.jpg\" data-elementor-open-lightbox=\"yes\" data-elementor-lightbox-slideshow=\"6a8cdb8\" data-elementor-lightbox-title=\"IMG_6324\" data-e-action-hash=\"#elementor-action%3Aaction%3Dlightbox%26settings%3DeyJpZCI6MjUyLCJ1cmwiOiJodHRwczpcL1wvd3d3LmFwYXJ0bWFueS1odmV6ZGFyZW4uc2tcL3dwLWNvbnRlbnRcL3VwbG9hZHNcLzIwMjRcLzEyXC9JTUdfNjMyNC0xLXNjYWxlZC5qcGciLCJzbGlkZXNob3ciOiI2YThjZGI4In0%3D\">\n\t\t\t\t\t<div class=\"e-gallery-image elementor-gallery-item__image\" data-thumbnail=\"https:\/\/www.apartmany-hvezdaren.sk\/wp-content\/uploads\/2024\/12\/IMG_6324-1-300x200.jpg\" data-width=\"300\" data-height=\"200\" aria-label=\"\" role=\"img\" ><\/div>\n\t\t\t\t\t\t\t\t\t\t\t<div class=\"elementor-gallery-item__overlay\"><\/div>\n\t\t\t\t\t\t\t\t\t\t\t\t\t\t<\/a>\n\t\t\t\t\t\t\t<a class=\"e-gallery-item elementor-gallery-item elementor-animated-content\" href=\"https:\/\/www.apartmany-hvezdaren.sk\/wp-content\/uploads\/2024\/12\/IMG_6316-scaled.jpg\" data-elementor-open-lightbox=\"yes\" data-elementor-lightbox-slideshow=\"6a8cdb8\" data-elementor-lightbox-title=\"IMG_6316\" data-e-action-hash=\"#elementor-action%3Aaction%3Dlightbox%26settings%3DeyJpZCI6MjQ3LCJ1cmwiOiJodHRwczpcL1wvd3d3LmFwYXJ0bWFueS1odmV6ZGFyZW4uc2tcL3dwLWNvbnRlbnRcL3VwbG9hZHNcLzIwMjRcLzEyXC9JTUdfNjMxNi1zY2FsZWQuanBnIiwic2xpZGVzaG93IjoiNmE4Y2RiOCJ9\">\n\t\t\t\t\t<div class=\"e-gallery-image elementor-gallery-item__image\" data-thumbnail=\"https:\/\/www.apartmany-hvezdaren.sk\/wp-content\/uploads\/2024\/12\/IMG_6316-300x200.jpg\" data-width=\"300\" data-height=\"200\" aria-label=\"\" role=\"img\" ><\/div>\n\t\t\t\t\t\t\t\t\t\t\t<div class=\"elementor-gallery-item__overlay\"><\/div>\n\t\t\t\t\t\t\t\t\t\t\t\t\t\t<\/a>\n\t\t\t\t\t<\/div>\n\t\t\t\t\t<\/div>\n\t\t\t\t<\/div>\n\t\t\t\t<\/div>\n\t\t\t\t<\/div>\n\t\t\t\t<\/div>\n\t\t","protected":false},"excerpt":{"rendered":"<p>Izby a apartm\u00e1ny Apartm\u00e1n &#8211; MARS\u200b (\u010d. 9) Pohodln\u00fd dvojizbov\u00fd apartm\u00e1n vhodn\u00fd pre p\u00e1ry i rodiny s de\u0165mi. V samostatnej sp\u00e1lni sa nach\u00e1dza man\u017eelsk\u00e1 poste\u013e a v predizbe rozkladac\u00ed gau\u010d vhodn\u00fd pre 1-2 osoby. Apartm\u00e1n je vybaven\u00fd nov\u00fdm n\u00e1bytkom, telev\u00edzorom so z\u00e1kladnou ponukou programov pre relax a vstavan\u00e1 skri\u0148a v chodbe poskytuje ve\u013ekorys\u00fd odkladac\u00ed priestor. [&hellip;]<\/p>\n","protected":false},"author":1,"featured_media":0,"parent":0,"menu_order":0,"comment_status":"closed","ping_status":"closed","template":"","meta":{"footnotes":""},"class_list":["post-694","page","type-page","status-publish","hentry"],"_links":{"self":[{"href":"https:\/\/www.apartmany-hvezdaren.sk\/index.php\/wp-json\/wp\/v2\/pages\/694","targetHints":{"allow":["GET"]}}],"collection":[{"href":"https:\/\/www.apartmany-hvezdaren.sk\/index.php\/wp-json\/wp\/v2\/pages"}],"about":[{"href":"https:\/\/www.apartmany-hvezdaren.sk\/index.php\/wp-json\/wp\/v2\/types\/page"}],"author":[{"embeddable":true,"href":"https:\/\/www.apartmany-hvezdaren.sk\/index.php\/wp-json\/wp\/v2\/users\/1"}],"replies":[{"embeddable":true,"href":"https:\/\/www.apartmany-hvezdaren.sk\/index.php\/wp-json\/wp\/v2\/comments?post=694"}],"version-history":[{"count":27,"href":"https:\/\/www.apartmany-hvezdaren.sk\/index.php\/wp-json\/wp\/v2\/pages\/694\/revisions"}],"predecessor-version":[{"id":942,"href":"https:\/\/www.apartmany-hvezdaren.sk\/index.php\/wp-json\/wp\/v2\/pages\/694\/revisions\/942"}],"wp:attachment":[{"href":"https:\/\/www.apartmany-hvezdaren.sk\/index.php\/wp-json\/wp\/v2\/media?parent=694"}],"curies":[{"name":"wp","href":"https:\/\/api.w.org\/{rel}","templated":true}]}}