{"id":715,"date":"2025-01-10T14:53:16","date_gmt":"2025-01-10T13:53:16","guid":{"rendered":"https:\/\/www.apartmany-hvezdaren.sk\/?page_id=715"},"modified":"2025-05-30T12:31:43","modified_gmt":"2025-05-30T10:31:43","slug":"izba-saturn","status":"publish","type":"page","link":"https:\/\/www.apartmany-hvezdaren.sk\/index.php\/izba-saturn\/","title":{"rendered":"Izba &#8211; SATURN\u200b\u200b"},"content":{"rendered":"\t\t<div data-elementor-type=\"wp-page\" data-elementor-id=\"715\" class=\"elementor elementor-715\" data-elementor-post-type=\"page\">\n\t\t\t\t<div class=\"elementor-element elementor-element-2e7052c e-con-full e-flex e-con e-parent\" data-id=\"2e7052c\" data-element_type=\"container\" data-e-type=\"container\">\n\t\t<div class=\"elementor-element elementor-element-5f44bf5 e-con-full e-flex e-con e-child\" data-id=\"5f44bf5\" data-element_type=\"container\" data-e-type=\"container\" data-settings=\"{&quot;background_background&quot;:&quot;classic&quot;}\">\n\t\t\t\t<\/div>\n\t\t<div class=\"elementor-element elementor-element-bfb0159 e-con-full e-flex e-con e-child\" data-id=\"bfb0159\" data-element_type=\"container\" data-e-type=\"container\">\n\t\t\t\t<div class=\"elementor-element elementor-element-6815cd1 elementor-widget elementor-widget-heading\" data-id=\"6815cd1\" data-element_type=\"widget\" data-e-type=\"widget\" data-widget_type=\"heading.default\">\n\t\t\t\t<div class=\"elementor-widget-container\">\n\t\t\t\t\t<h6 class=\"elementor-heading-title elementor-size-default\">Izby a apartm\u00e1ny<\/h6>\t\t\t\t<\/div>\n\t\t\t\t<\/div>\n\t\t<div class=\"elementor-element elementor-element-a26d8ce e-con-full e-flex e-con e-child\" data-id=\"a26d8ce\" data-element_type=\"container\" data-e-type=\"container\">\n\t\t\t\t<div class=\"elementor-element elementor-element-b8d406e elementor-widget elementor-widget-heading\" data-id=\"b8d406e\" data-element_type=\"widget\" data-e-type=\"widget\" data-widget_type=\"heading.default\">\n\t\t\t\t<div class=\"elementor-widget-container\">\n\t\t\t\t\t<h1 class=\"elementor-heading-title elementor-size-default\">Izba - SATURN <span style=\"font-size:15px\">(\u010d. 8)<\/span><\/h1>\t\t\t\t<\/div>\n\t\t\t\t<\/div>\n\t\t\t\t<div class=\"elementor-element elementor-element-9f21c50 elementor-widget elementor-widget-image\" data-id=\"9f21c50\" data-element_type=\"widget\" data-e-type=\"widget\" data-widget_type=\"image.default\">\n\t\t\t\t<div class=\"elementor-widget-container\">\n\t\t\t\t\t\t\t\t\t\t\t\t\t\t\t<img fetchpriority=\"high\" decoding=\"async\" width=\"800\" height=\"600\" src=\"https:\/\/www.apartmany-hvezdaren.sk\/wp-content\/uploads\/2025\/02\/Saturn-1024x768.png\" class=\"attachment-large size-large wp-image-795\" alt=\"\" srcset=\"https:\/\/www.apartmany-hvezdaren.sk\/wp-content\/uploads\/2025\/02\/Saturn-1024x768.png 1024w, https:\/\/www.apartmany-hvezdaren.sk\/wp-content\/uploads\/2025\/02\/Saturn-300x225.png 300w, https:\/\/www.apartmany-hvezdaren.sk\/wp-content\/uploads\/2025\/02\/Saturn-768x576.png 768w, https:\/\/www.apartmany-hvezdaren.sk\/wp-content\/uploads\/2025\/02\/Saturn-1536x1152.png 1536w, https:\/\/www.apartmany-hvezdaren.sk\/wp-content\/uploads\/2025\/02\/Saturn-2048x1536.png 2048w\" sizes=\"(max-width: 800px) 100vw, 800px\" \/>\t\t\t\t\t\t\t\t\t\t\t\t\t\t\t<\/div>\n\t\t\t\t<\/div>\n\t\t\t\t<\/div>\n\t\t\t\t<div class=\"elementor-element elementor-element-39b1043 elementor-invisible elementor-widget elementor-widget-text-editor\" data-id=\"39b1043\" data-element_type=\"widget\" data-e-type=\"widget\" data-settings=\"{&quot;_animation&quot;:&quot;fadeIn&quot;,&quot;_animation_delay&quot;:400}\" data-widget_type=\"text-editor.default\">\n\t\t\t\t<div class=\"elementor-widget-container\">\n\t\t\t\t\t\t\t\t\t<ul><li>Jednol\u00f4\u017ekov\u00e1 izba, ktor\u00e1 napriek svojej ve\u013ekosti poskytuje maxim\u00e1lne pohodlie. \u010ci ste obchodn\u00fd cestuj\u00faci alebo cestovate\u013e-samot\u00e1r, t\u00e1to \u00fatuln\u00e1 izbi\u010dka v\u00e1m poskytne priestor na oddych i potrebn\u00e9 z\u00e1zemie.<\/li><li>Izba je vybaven\u00e1 nov\u00fdm n\u00e1bytkom, r\u00fdchlovarnou kanvicou, telev\u00edzorom so z\u00e1kladnou ponukou programov pre relax, vstavan\u00e1 skri\u0148a poskytuje ve\u013ekorys\u00fd odkladac\u00ed priestor.<\/li><li>Izba je vybaven\u00e1 samostatnou priestrannou k\u00fape\u013e\u0148ou so sprchovac\u00edm k\u00fatom a z\u00e1kladn\u00fdmi toaletn\u00fdmi potrebami.<\/li><li>Tak ako v\u0161etky izby, k dispoz\u00edcii je wi-fi pripojenie.<\/li><\/ul>\t\t\t\t\t\t\t\t<\/div>\n\t\t\t\t<\/div>\n\t\t\t\t<div class=\"elementor-element elementor-element-ba32a19 elementor-widget elementor-widget-spacer\" data-id=\"ba32a19\" data-element_type=\"widget\" data-e-type=\"widget\" data-widget_type=\"spacer.default\">\n\t\t\t\t<div class=\"elementor-widget-container\">\n\t\t\t\t\t\t\t<div class=\"elementor-spacer\">\n\t\t\t<div class=\"elementor-spacer-inner\"><\/div>\n\t\t<\/div>\n\t\t\t\t\t\t<\/div>\n\t\t\t\t<\/div>\n\t\t\t\t<div class=\"elementor-element elementor-element-06662a9 elementor-widget elementor-widget-mphbe-availability-calendar\" data-id=\"06662a9\" data-element_type=\"widget\" data-e-type=\"widget\" data-widget_type=\"mphbe-availability-calendar.default\">\n\t\t\t\t<div class=\"elementor-widget-container\">\n\t\t\t\t\t<div class=\"mphb_sc_availability_calendar-wrapper saturn\">\t<div class=\"mphb-calendar mphb-datepick inlinePicker mphb-calendar--direct-booking\" data-room-type-id=\"1058\" data-monthstoshow=\"2\" data-is_show_prices=\"1\" data-is_truncate_prices=\"1\" data-is_show_prices_currency=\"1\" data-first_available_check_in_date=\"2026-04-27\"><\/div>\n\t<\/div>\t\t\t\t<\/div>\n\t\t\t\t<\/div>\n\t\t\t\t<\/div>\n\t\t\t\t<\/div>\n\t\t<div class=\"elementor-element elementor-element-307651b e-con-full e-flex e-con e-parent\" data-id=\"307651b\" data-element_type=\"container\" data-e-type=\"container\">\n\t\t<div class=\"elementor-element elementor-element-4155754 e-con-full e-flex e-con e-child\" data-id=\"4155754\" data-element_type=\"container\" data-e-type=\"container\" data-settings=\"{&quot;background_background&quot;:&quot;classic&quot;}\">\n\t\t\t\t<div class=\"elementor-element elementor-element-cfb95b7 elementor-widget elementor-widget-gallery\" data-id=\"cfb95b7\" data-element_type=\"widget\" data-e-type=\"widget\" data-settings=\"{&quot;gap&quot;:{&quot;unit&quot;:&quot;px&quot;,&quot;size&quot;:0,&quot;sizes&quot;:[]},&quot;lazyload&quot;:&quot;yes&quot;,&quot;gallery_layout&quot;:&quot;grid&quot;,&quot;columns&quot;:4,&quot;columns_tablet&quot;:2,&quot;columns_mobile&quot;:1,&quot;gap_tablet&quot;:{&quot;unit&quot;:&quot;px&quot;,&quot;size&quot;:10,&quot;sizes&quot;:[]},&quot;gap_mobile&quot;:{&quot;unit&quot;:&quot;px&quot;,&quot;size&quot;:10,&quot;sizes&quot;:[]},&quot;link_to&quot;:&quot;file&quot;,&quot;aspect_ratio&quot;:&quot;3:2&quot;,&quot;overlay_background&quot;:&quot;yes&quot;,&quot;content_hover_animation&quot;:&quot;fade-in&quot;}\" data-widget_type=\"gallery.default\">\n\t\t\t\t<div class=\"elementor-widget-container\">\n\t\t\t\t\t\t\t<div class=\"elementor-gallery__container\">\n\t\t\t\t\t\t\t<a class=\"e-gallery-item elementor-gallery-item elementor-animated-content\" href=\"https:\/\/www.apartmany-hvezdaren.sk\/wp-content\/uploads\/2024\/12\/IMG_6342-1-scaled.jpg\" data-elementor-open-lightbox=\"yes\" data-elementor-lightbox-slideshow=\"cfb95b7\" data-elementor-lightbox-title=\"IMG_6342\" data-e-action-hash=\"#elementor-action%3Aaction%3Dlightbox%26settings%3DeyJpZCI6MjYxLCJ1cmwiOiJodHRwczpcL1wvd3d3LmFwYXJ0bWFueS1odmV6ZGFyZW4uc2tcL3dwLWNvbnRlbnRcL3VwbG9hZHNcLzIwMjRcLzEyXC9JTUdfNjM0Mi0xLXNjYWxlZC5qcGciLCJzbGlkZXNob3ciOiJjZmI5NWI3In0%3D\">\n\t\t\t\t\t<div class=\"e-gallery-image elementor-gallery-item__image\" data-thumbnail=\"https:\/\/www.apartmany-hvezdaren.sk\/wp-content\/uploads\/2024\/12\/IMG_6342-1-300x200.jpg\" data-width=\"300\" data-height=\"200\" aria-label=\"\" role=\"img\" ><\/div>\n\t\t\t\t\t\t\t\t\t\t\t<div class=\"elementor-gallery-item__overlay\"><\/div>\n\t\t\t\t\t\t\t\t\t\t\t\t\t\t<\/a>\n\t\t\t\t\t\t\t<a class=\"e-gallery-item elementor-gallery-item elementor-animated-content\" href=\"https:\/\/www.apartmany-hvezdaren.sk\/wp-content\/uploads\/2024\/12\/IMG_6346-scaled.jpg\" data-elementor-open-lightbox=\"yes\" data-elementor-lightbox-slideshow=\"cfb95b7\" data-elementor-lightbox-title=\"IMG_6346\" data-e-action-hash=\"#elementor-action%3Aaction%3Dlightbox%26settings%3DeyJpZCI6MjYyLCJ1cmwiOiJodHRwczpcL1wvd3d3LmFwYXJ0bWFueS1odmV6ZGFyZW4uc2tcL3dwLWNvbnRlbnRcL3VwbG9hZHNcLzIwMjRcLzEyXC9JTUdfNjM0Ni1zY2FsZWQuanBnIiwic2xpZGVzaG93IjoiY2ZiOTViNyJ9\">\n\t\t\t\t\t<div class=\"e-gallery-image elementor-gallery-item__image\" data-thumbnail=\"https:\/\/www.apartmany-hvezdaren.sk\/wp-content\/uploads\/2024\/12\/IMG_6346-300x200.jpg\" data-width=\"300\" data-height=\"200\" aria-label=\"\" role=\"img\" ><\/div>\n\t\t\t\t\t\t\t\t\t\t\t<div class=\"elementor-gallery-item__overlay\"><\/div>\n\t\t\t\t\t\t\t\t\t\t\t\t\t\t<\/a>\n\t\t\t\t\t\t\t<a class=\"e-gallery-item elementor-gallery-item elementor-animated-content\" href=\"https:\/\/www.apartmany-hvezdaren.sk\/wp-content\/uploads\/2024\/12\/IMG_6349-scaled.jpg\" data-elementor-open-lightbox=\"yes\" data-elementor-lightbox-slideshow=\"cfb95b7\" data-elementor-lightbox-title=\"IMG_6349\" data-e-action-hash=\"#elementor-action%3Aaction%3Dlightbox%26settings%3DeyJpZCI6MjYzLCJ1cmwiOiJodHRwczpcL1wvd3d3LmFwYXJ0bWFueS1odmV6ZGFyZW4uc2tcL3dwLWNvbnRlbnRcL3VwbG9hZHNcLzIwMjRcLzEyXC9JTUdfNjM0OS1zY2FsZWQuanBnIiwic2xpZGVzaG93IjoiY2ZiOTViNyJ9\">\n\t\t\t\t\t<div class=\"e-gallery-image elementor-gallery-item__image\" data-thumbnail=\"https:\/\/www.apartmany-hvezdaren.sk\/wp-content\/uploads\/2024\/12\/IMG_6349-200x300.jpg\" data-width=\"200\" data-height=\"300\" aria-label=\"\" role=\"img\" ><\/div>\n\t\t\t\t\t\t\t\t\t\t\t<div class=\"elementor-gallery-item__overlay\"><\/div>\n\t\t\t\t\t\t\t\t\t\t\t\t\t\t<\/a>\n\t\t\t\t\t\t\t<a class=\"e-gallery-item elementor-gallery-item elementor-animated-content\" href=\"https:\/\/www.apartmany-hvezdaren.sk\/wp-content\/uploads\/2024\/12\/IMG_6350-scaled.jpg\" data-elementor-open-lightbox=\"yes\" data-elementor-lightbox-slideshow=\"cfb95b7\" data-elementor-lightbox-title=\"IMG_6350\" data-e-action-hash=\"#elementor-action%3Aaction%3Dlightbox%26settings%3DeyJpZCI6MjY0LCJ1cmwiOiJodHRwczpcL1wvd3d3LmFwYXJ0bWFueS1odmV6ZGFyZW4uc2tcL3dwLWNvbnRlbnRcL3VwbG9hZHNcLzIwMjRcLzEyXC9JTUdfNjM1MC1zY2FsZWQuanBnIiwic2xpZGVzaG93IjoiY2ZiOTViNyJ9\">\n\t\t\t\t\t<div class=\"e-gallery-image elementor-gallery-item__image\" data-thumbnail=\"https:\/\/www.apartmany-hvezdaren.sk\/wp-content\/uploads\/2024\/12\/IMG_6350-300x200.jpg\" data-width=\"300\" data-height=\"200\" aria-label=\"\" role=\"img\" ><\/div>\n\t\t\t\t\t\t\t\t\t\t\t<div class=\"elementor-gallery-item__overlay\"><\/div>\n\t\t\t\t\t\t\t\t\t\t\t\t\t\t<\/a>\n\t\t\t\t\t\t\t<a class=\"e-gallery-item elementor-gallery-item elementor-animated-content\" href=\"https:\/\/www.apartmany-hvezdaren.sk\/wp-content\/uploads\/2024\/12\/IMG_6351-scaled.jpg\" data-elementor-open-lightbox=\"yes\" data-elementor-lightbox-slideshow=\"cfb95b7\" data-elementor-lightbox-title=\"IMG_6351\" data-e-action-hash=\"#elementor-action%3Aaction%3Dlightbox%26settings%3DeyJpZCI6MjY1LCJ1cmwiOiJodHRwczpcL1wvd3d3LmFwYXJ0bWFueS1odmV6ZGFyZW4uc2tcL3dwLWNvbnRlbnRcL3VwbG9hZHNcLzIwMjRcLzEyXC9JTUdfNjM1MS1zY2FsZWQuanBnIiwic2xpZGVzaG93IjoiY2ZiOTViNyJ9\">\n\t\t\t\t\t<div class=\"e-gallery-image elementor-gallery-item__image\" data-thumbnail=\"https:\/\/www.apartmany-hvezdaren.sk\/wp-content\/uploads\/2024\/12\/IMG_6351-300x200.jpg\" data-width=\"300\" data-height=\"200\" aria-label=\"\" role=\"img\" ><\/div>\n\t\t\t\t\t\t\t\t\t\t\t<div class=\"elementor-gallery-item__overlay\"><\/div>\n\t\t\t\t\t\t\t\t\t\t\t\t\t\t<\/a>\n\t\t\t\t\t\t\t<a class=\"e-gallery-item elementor-gallery-item elementor-animated-content\" href=\"https:\/\/www.apartmany-hvezdaren.sk\/wp-content\/uploads\/2024\/12\/IMG_6352-scaled.jpg\" data-elementor-open-lightbox=\"yes\" data-elementor-lightbox-slideshow=\"cfb95b7\" data-elementor-lightbox-title=\"IMG_6352\" data-e-action-hash=\"#elementor-action%3Aaction%3Dlightbox%26settings%3DeyJpZCI6MjY2LCJ1cmwiOiJodHRwczpcL1wvd3d3LmFwYXJ0bWFueS1odmV6ZGFyZW4uc2tcL3dwLWNvbnRlbnRcL3VwbG9hZHNcLzIwMjRcLzEyXC9JTUdfNjM1Mi1zY2FsZWQuanBnIiwic2xpZGVzaG93IjoiY2ZiOTViNyJ9\">\n\t\t\t\t\t<div class=\"e-gallery-image elementor-gallery-item__image\" data-thumbnail=\"https:\/\/www.apartmany-hvezdaren.sk\/wp-content\/uploads\/2024\/12\/IMG_6352-300x200.jpg\" data-width=\"300\" data-height=\"200\" aria-label=\"\" role=\"img\" ><\/div>\n\t\t\t\t\t\t\t\t\t\t\t<div class=\"elementor-gallery-item__overlay\"><\/div>\n\t\t\t\t\t\t\t\t\t\t\t\t\t\t<\/a>\n\t\t\t\t\t\t\t<a class=\"e-gallery-item elementor-gallery-item elementor-animated-content\" href=\"https:\/\/www.apartmany-hvezdaren.sk\/wp-content\/uploads\/2024\/12\/IMG_6353-scaled.jpg\" data-elementor-open-lightbox=\"yes\" data-elementor-lightbox-slideshow=\"cfb95b7\" data-elementor-lightbox-title=\"IMG_6353\" data-e-action-hash=\"#elementor-action%3Aaction%3Dlightbox%26settings%3DeyJpZCI6MjY3LCJ1cmwiOiJodHRwczpcL1wvd3d3LmFwYXJ0bWFueS1odmV6ZGFyZW4uc2tcL3dwLWNvbnRlbnRcL3VwbG9hZHNcLzIwMjRcLzEyXC9JTUdfNjM1My1zY2FsZWQuanBnIiwic2xpZGVzaG93IjoiY2ZiOTViNyJ9\">\n\t\t\t\t\t<div class=\"e-gallery-image elementor-gallery-item__image\" data-thumbnail=\"https:\/\/www.apartmany-hvezdaren.sk\/wp-content\/uploads\/2024\/12\/IMG_6353-300x200.jpg\" data-width=\"300\" data-height=\"200\" aria-label=\"\" role=\"img\" ><\/div>\n\t\t\t\t\t\t\t\t\t\t\t<div class=\"elementor-gallery-item__overlay\"><\/div>\n\t\t\t\t\t\t\t\t\t\t\t\t\t\t<\/a>\n\t\t\t\t\t\t\t<a class=\"e-gallery-item elementor-gallery-item elementor-animated-content\" href=\"https:\/\/www.apartmany-hvezdaren.sk\/wp-content\/uploads\/2024\/12\/IMG_6354-scaled.jpg\" data-elementor-open-lightbox=\"yes\" data-elementor-lightbox-slideshow=\"cfb95b7\" data-elementor-lightbox-title=\"IMG_6354\" data-e-action-hash=\"#elementor-action%3Aaction%3Dlightbox%26settings%3DeyJpZCI6MjY4LCJ1cmwiOiJodHRwczpcL1wvd3d3LmFwYXJ0bWFueS1odmV6ZGFyZW4uc2tcL3dwLWNvbnRlbnRcL3VwbG9hZHNcLzIwMjRcLzEyXC9JTUdfNjM1NC1zY2FsZWQuanBnIiwic2xpZGVzaG93IjoiY2ZiOTViNyJ9\">\n\t\t\t\t\t<div class=\"e-gallery-image elementor-gallery-item__image\" data-thumbnail=\"https:\/\/www.apartmany-hvezdaren.sk\/wp-content\/uploads\/2024\/12\/IMG_6354-300x200.jpg\" data-width=\"300\" data-height=\"200\" aria-label=\"\" role=\"img\" ><\/div>\n\t\t\t\t\t\t\t\t\t\t\t<div class=\"elementor-gallery-item__overlay\"><\/div>\n\t\t\t\t\t\t\t\t\t\t\t\t\t\t<\/a>\n\t\t\t\t\t<\/div>\n\t\t\t\t\t<\/div>\n\t\t\t\t<\/div>\n\t\t\t\t<\/div>\n\t\t\t\t<\/div>\n\t\t\t\t<\/div>\n\t\t","protected":false},"excerpt":{"rendered":"<p>Izby a apartm\u00e1ny Izba &#8211; SATURN (\u010d. 8) Jednol\u00f4\u017ekov\u00e1 izba, ktor\u00e1 napriek svojej ve\u013ekosti poskytuje maxim\u00e1lne pohodlie. \u010ci ste obchodn\u00fd cestuj\u00faci alebo cestovate\u013e-samot\u00e1r, t\u00e1to \u00fatuln\u00e1 izbi\u010dka v\u00e1m poskytne priestor na oddych i potrebn\u00e9 z\u00e1zemie. Izba je vybaven\u00e1 nov\u00fdm n\u00e1bytkom, r\u00fdchlovarnou kanvicou, telev\u00edzorom so z\u00e1kladnou ponukou programov pre relax, vstavan\u00e1 skri\u0148a poskytuje ve\u013ekorys\u00fd odkladac\u00ed priestor. Izba [&hellip;]<\/p>\n","protected":false},"author":1,"featured_media":0,"parent":0,"menu_order":0,"comment_status":"closed","ping_status":"closed","template":"","meta":{"footnotes":""},"class_list":["post-715","page","type-page","status-publish","hentry"],"_links":{"self":[{"href":"https:\/\/www.apartmany-hvezdaren.sk\/index.php\/wp-json\/wp\/v2\/pages\/715","targetHints":{"allow":["GET"]}}],"collection":[{"href":"https:\/\/www.apartmany-hvezdaren.sk\/index.php\/wp-json\/wp\/v2\/pages"}],"about":[{"href":"https:\/\/www.apartmany-hvezdaren.sk\/index.php\/wp-json\/wp\/v2\/types\/page"}],"author":[{"embeddable":true,"href":"https:\/\/www.apartmany-hvezdaren.sk\/index.php\/wp-json\/wp\/v2\/users\/1"}],"replies":[{"embeddable":true,"href":"https:\/\/www.apartmany-hvezdaren.sk\/index.php\/wp-json\/wp\/v2\/comments?post=715"}],"version-history":[{"count":35,"href":"https:\/\/www.apartmany-hvezdaren.sk\/index.php\/wp-json\/wp\/v2\/pages\/715\/revisions"}],"predecessor-version":[{"id":1211,"href":"https:\/\/www.apartmany-hvezdaren.sk\/index.php\/wp-json\/wp\/v2\/pages\/715\/revisions\/1211"}],"wp:attachment":[{"href":"https:\/\/www.apartmany-hvezdaren.sk\/index.php\/wp-json\/wp\/v2\/media?parent=715"}],"curies":[{"name":"wp","href":"https:\/\/api.w.org\/{rel}","templated":true}]}}