{"id":995,"date":"2025-03-05T12:47:28","date_gmt":"2025-03-05T11:47:28","guid":{"rendered":"https:\/\/www.apartmany-hvezdaren.sk\/index.php\/potvrdenie-rezervacie\/"},"modified":"2025-10-23T12:17:44","modified_gmt":"2025-10-23T10:17:44","slug":"potvrdenie-rezervacie","status":"publish","type":"page","link":"https:\/\/www.apartmany-hvezdaren.sk\/index.php\/potvrdenie-rezervacie\/","title":{"rendered":"Potvrdenie rezerv\u00e1cie"},"content":{"rendered":"<div class=\"mphb_sc_checkout-wrapper \"><\/div>\n\n\n\n<h4 class=\"wp-block-heading has-black-color has-text-color has-link-color wp-elements-9187649d3be0ed7f77a6f6a613068352\" style=\"border-style:none;border-width:0px;margin-top:50px;margin-bottom:10px\"><span data-olk-copy-source=\"MessageBody\">Ra\u0148ajky je mo\u017en\u00e9 objedna\u0165 na telef. \u010d\u00edsle <a href=\"tel:421944643355\">+421 944 643 355<\/a>.<\/span><\/h4>\n\n\n\n<h4 class=\"wp-block-heading has-luminous-vivid-amber-color has-text-color has-link-color wp-elements-3b5f9431bff0d048502a3c18a8da9fcd\" style=\"border-style:none;border-width:0px;margin-top:10px;margin-bottom:50px\"><a href=\"https:\/\/www.apartmany-hvezdaren.sk\/index.php\/ranna-kava-aj-papuciach\/\" target=\"_blank\" rel=\"noopener\"><span data-olk-copy-source=\"MessageBody\">Ra\u0148ajkov\u00e9 menu<\/span><\/a><\/h4>\n\n\n\n<p><\/p>\n","protected":false},"excerpt":{"rendered":"<p>Ra\u0148ajky je mo\u017en\u00e9 objedna\u0165 na telef. \u010d\u00edsle +421 944 643 355. Ra\u0148ajkov\u00e9 menu<\/p>\n","protected":false},"author":1,"featured_media":0,"parent":0,"menu_order":0,"comment_status":"closed","ping_status":"closed","template":"","meta":{"footnotes":""},"class_list":["post-995","page","type-page","status-publish","hentry"],"_links":{"self":[{"href":"https:\/\/www.apartmany-hvezdaren.sk\/index.php\/wp-json\/wp\/v2\/pages\/995","targetHints":{"allow":["GET"]}}],"collection":[{"href":"https:\/\/www.apartmany-hvezdaren.sk\/index.php\/wp-json\/wp\/v2\/pages"}],"about":[{"href":"https:\/\/www.apartmany-hvezdaren.sk\/index.php\/wp-json\/wp\/v2\/types\/page"}],"author":[{"embeddable":true,"href":"https:\/\/www.apartmany-hvezdaren.sk\/index.php\/wp-json\/wp\/v2\/users\/1"}],"replies":[{"embeddable":true,"href":"https:\/\/www.apartmany-hvezdaren.sk\/index.php\/wp-json\/wp\/v2\/comments?post=995"}],"version-history":[{"count":10,"href":"https:\/\/www.apartmany-hvezdaren.sk\/index.php\/wp-json\/wp\/v2\/pages\/995\/revisions"}],"predecessor-version":[{"id":1940,"href":"https:\/\/www.apartmany-hvezdaren.sk\/index.php\/wp-json\/wp\/v2\/pages\/995\/revisions\/1940"}],"wp:attachment":[{"href":"https:\/\/www.apartmany-hvezdaren.sk\/index.php\/wp-json\/wp\/v2\/media?parent=995"}],"curies":[{"name":"wp","href":"https:\/\/api.w.org\/{rel}","templated":true}]}}